{"id":3013,"date":"2023-02-03T02:24:19","date_gmt":"2023-02-03T02:24:19","guid":{"rendered":"https:\/\/shtheme.com\/demosd\/itodo\/?page_id=39"},"modified":"2025-04-30T19:41:04","modified_gmt":"2025-04-30T16:41:04","slug":"about-us","status":"publish","type":"page","link":"https:\/\/upscale-hub.com\/fr\/about-us\/","title":{"rendered":"\u00c0 Propos De Nous"},"content":{"rendered":"<div data-elementor-type=\"wp-page\" data-elementor-id=\"3013\" class=\"elementor elementor-3013\">\n\t\t\t\t<div class=\"elementor-element elementor-element-5d7d496 e-flex e-con-boxed e-con e-parent\" data-id=\"5d7d496\" data-element_type=\"container\" data-e-type=\"container\" data-settings=\"{&quot;background_background&quot;:&quot;classic&quot;}\">\n\t\t\t\t\t<div class=\"e-con-inner\">\n\t\t\t\t<div class=\"elementor-element elementor-element-cf6a915 about-us-header elementor-widget elementor-widget-heading\" data-id=\"cf6a915\" data-element_type=\"widget\" data-e-type=\"widget\" data-widget_type=\"heading.default\">\n\t\t\t\t<div class=\"elementor-widget-container\">\n\t\t\t\t\t<h2 class=\"elementor-heading-title elementor-size-default\">\u00c0 Propos De Nous<\/h2>\t\t\t\t<\/div>\n\t\t\t\t<\/div>\n\t\t\t\t<div class=\"elementor-element elementor-element-6395489 elementor-widget__width-initial elementor-widget-tablet__width-initial elementor-widget-mobile__width-inherit elementor-widget elementor-widget-text-editor\" data-id=\"6395489\" data-element_type=\"widget\" data-e-type=\"widget\" data-widget_type=\"text-editor.default\">\n\t\t\t\t<div class=\"elementor-widget-container\">\n\t\t\t\t\t\t\t\t\t<p>Upscale Hub est une entreprise dynamique qui s\u2019engage \u00e0 fournir des solutions technologiques personnalis\u00e9es adapt\u00e9es aux besoins uniques de sa prestigieuse client\u00e8le mondiale.<\/p><p>Sp\u00e9cialis\u00e9e dans le d\u00e9veloppement des solutions logicielles et mat\u00e9rielles, notre \u00e9quipe est compos\u00e9e d\u2019experts et de jeunes talents, qui se consacrent au d\u00e9veloppement de solutions de haute qualit\u00e9 qui permettent d\u2019optimiser et d\u2019am\u00e9liorer les op\u00e9rations de nos clients.<\/p><p>Upscale Hub investit activement dans la recherche et le d\u00e9veloppement (R&amp;D) en favorisant la recherche appliqu\u00e9e interdisciplinaire qui r\u00e9pond aux besoins du march\u00e9 afin de contribuer \u00e0 la croissance de la communaut\u00e9 mondiale.<\/p>\t\t\t\t\t\t\t\t<\/div>\n\t\t\t\t<\/div>\n\t\t\t\t\t<\/div>\n\t\t\t\t<\/div>\n\t\t<div class=\"elementor-element elementor-element-936c68a e-flex e-con-boxed e-con e-parent\" data-id=\"936c68a\" data-element_type=\"container\" data-e-type=\"container\">\n\t\t\t\t\t<div class=\"e-con-inner\">\n\t\t\t\t<div class=\"elementor-element elementor-element-9885fe7 elementor-align-left elementor-widget elementor-widget-bdevs-info\" data-id=\"9885fe7\" data-element_type=\"widget\" data-e-type=\"widget\" data-widget_type=\"bdevs-info.default\">\n\t\t\t\t<div class=\"elementor-widget-container\">\n\t\t\t\t\t    <div class=\"section-full p-t110 p-b80 sx-bg-light sx-our-info-outer\">\r\n            <div class=\"container\">\r\n                <div class=\"section-content\">\r\n                    <div class=\"row sx-our-info-content-wrap\">\r\n                        <!--One block-->\r\n                        <div class=\"col-lg-4 col-md-4\">\r\n                            <div class=\"sx-our-info-content\">\r\n                                <ul>\r\n                                                                        <li>\r\n                                        <div class=\"sx-our-info-content-list left\">\r\n                                                                                        <span class=\"sx-sub-title\">Mission<\/span>\r\n                                                                                                                                    <h3 class=\"sx-bx-title\">Upscale Hub s\u2019engage \u00e0 fournir des solutions innovantes et personnalis\u00e9es con\u00e7ues pour acc\u00e9l\u00e9rer la croissance continue de nos partenaires multidisciplinaires.<\/h3>\r\n                                                                                    <\/div>\r\n                                    <\/li>\r\n                                                                    <\/ul>\r\n                            <\/div>\r\n                        <\/div>\r\n                        <!--One two-->\r\n                                                <div class=\"col-lg-4 col-md-4\">\r\n                            <div class=\"sx-our-info-media-wrap\">\r\n                                <div class=\"sx-our-info-media\">\r\n                                    <img decoding=\"async\" src=\"https:\/\/upscale-hub.com\/wp-content\/uploads\/2025\/04\/upscale-hub-mission-scaled-e1744813285413.png\" alt=\"image\">\r\n                                <\/div>\r\n                            <\/div>\r\n                        <\/div>\r\n                                                <!--One three-->\r\n                        <div class=\"col-lg-4 col-md-4\">\r\n                            <div class=\"sx-our-info-content\">\r\n                                <ul>\r\n                                                                        <li>\r\n                                        <div class=\"sx-our-info-content-list right\">\r\n                                                                                        <span class=\"sx-sub-title\">Vision<\/span>\r\n                                                                                                                                    <h3 class=\"sx-bx-title\">Upscale Hub vise \u00e0 inciter les jeunes talents \u00e0 servir de catalyseurs du changement innovant, fa\u00e7onnant un avenir durable et plus prometteur pour tous.<\/h3>\r\n                                                                                    <\/div>\r\n                                    <\/li>\r\n                                                                    <\/ul>\r\n                            <\/div>\r\n                        <\/div>\r\n\r\n                    <\/div>\r\n                <\/div>\r\n            <\/div>\r\n        <\/div> \r\n    \t\t\t\t<\/div>\n\t\t\t\t<\/div>\n\t\t\t\t\t<\/div>\n\t\t\t\t<\/div>\n\t\t<div class=\"elementor-element elementor-element-a12912f e-flex e-con-boxed e-con e-parent\" data-id=\"a12912f\" data-element_type=\"container\" data-e-type=\"container\">\n\t\t\t\t\t<div class=\"e-con-inner\">\n\t\t<div class=\"elementor-element elementor-element-563a083 e-con-full e-flex e-con e-child\" data-id=\"563a083\" data-element_type=\"container\" data-e-type=\"container\">\n\t\t\t\t<div class=\"elementor-element elementor-element-f600888 elementor-widget elementor-widget-heading\" data-id=\"f600888\" data-element_type=\"widget\" data-e-type=\"widget\" data-widget_type=\"heading.default\">\n\t\t\t\t<div class=\"elementor-widget-container\">\n\t\t\t\t\t<h2 class=\"elementor-heading-title elementor-size-default\">Ce qu'on fait<\/h2>\t\t\t\t<\/div>\n\t\t\t\t<\/div>\n\t\t\t\t<div class=\"elementor-element elementor-element-680dd09 elementor-widget elementor-widget-html\" data-id=\"680dd09\" data-element_type=\"widget\" data-e-type=\"widget\" data-widget_type=\"html.default\">\n\t\t\t\t<div class=\"elementor-widget-container\">\n\t\t\t\t\t<div class=\"whyUs-block\">\r\n    <div class=\"whyUs-row-item active\" onclick=\"toggleContent(this)\">\r\n    <div class=\"title-wrapper\">\r\n        <div class=\"whyUs-title\">Nous d\u00e9veloppons des solutions innovantes et sur mesure<\/div>\r\n        <img decoding=\"async\" class=\"whyUs-arrow\" src=\"https:\/\/upscale-hub.com\/wp-content\/uploads\/2025\/04\/what-we-do-arrow-up.png\">\r\n    <\/div>\r\n    <div class=\"whyUs-content\" >\r\n       <i> Nos partenaires sont uniques, et nous y croyons.<\/i> <br>\r\n        Nous \u00e9coutons attentivement pour comprendre les besoins uniques de nos clients, assurant ainsi la cr\u00e9ation de solutions parfaitement adapt\u00e9es \u00e0 leurs attentes.\r\n    <\/div>\r\n<\/div>\r\n\r\n    <div class=\"whyUs-row-item\" onclick=\"toggleContent(this)\">\r\n        <div class=\"title-wrapper\">\r\n            \r\n            <div class=\"whyUs-title\">Nous investissons dans la recherche et le d\u00e9veloppement<\/div>\r\n             <img decoding=\"async\" class=\"whyUs-arrow\" src=\"https:\/\/upscale-hub.com\/wp-content\/uploads\/2025\/04\/what-we-do-arrow-down.png\">\r\n        <\/div>\r\n        <div class=\"whyUs-content\">\r\n           <i> Nous ne nous arr\u00eatons jamais l\u00e0 o\u00f9 nous sommes !<br>\r\n            Nous sommes toujours anim\u00e9s par une vision orient\u00e9e vers l\u2019avenir.<br>\r\n            <\/i>\r\n            Nous nous engageons \u00e0 fournir des solutions de pointe \u00e0 travers une recherche appliqu\u00e9e et un d\u00e9veloppement continu. Notre \u00e9troite et strat\u00e9gique collaboration avec l\u2019Universit\u00e9 Antonine (UA) et son centre de recherche au Liban TICKET Lab, alimente notre innovation et nos ressources, ce qui nous permet de mieux vous aider \u00e0 concr\u00e9tiser vos objectifs. \r\n        <\/div>\r\n    <\/div>\r\n    <div class=\"whyUs-row-item\" onclick=\"toggleContent(this)\">\r\n        <div class=\"title-wrapper\">\r\n           \r\n            <div class=\"whyUs-title\">Nous investissons dans votre parcours de croissance<\/div>\r\n             <img decoding=\"async\" class=\"whyUs-arrow\" src=\"https:\/\/upscale-hub.com\/wp-content\/uploads\/2025\/04\/what-we-do-arrow-down.png\">\r\n        <\/div>\r\n        <div class=\"whyUs-content\">\r\n           <i> Nous consid\u00e9rons nos clients comme des partenaires.<\/i><br>\r\n            Nous travaillons en proximit\u00e9 avec eux afin d\u2019\u00e9tablir des relations professionnelles \u00e0 long terme, fond\u00e9es sur la confiance r\u00e9ciproque et la collaboration. Notre objectif fondamental est de vous soutenir de mani\u00e8re efficace et optimale et de vous fournir la formation et l\u2019assistance n\u00e9cessaires. Nous nous engageons \u00e0 \u00eatre toujours pr\u00eats \u00e0 vous accompagner lorsque vous en avez besoin. \r\n        <\/div>\r\n    <\/div>\r\n    <div class=\"whyUs-row-item\" onclick=\"toggleContent(this)\">\r\n        <div class=\"title-wrapper\">\r\n            \r\n            <div class=\"whyUs-title\">Nous d\u00e9veloppons et soutenons nos talents<\/div>\r\n            <img decoding=\"async\" class=\"whyUs-arrow\" src=\"https:\/\/upscale-hub.com\/wp-content\/uploads\/2025\/04\/what-we-do-arrow-down.png\">\r\n        <\/div>\r\n        <div class=\"whyUs-content\">\r\n            <i>Nos collaborateurs nous diff\u00e9rencient et nous rendent fiers. <\/i><br>\r\n            Leur d\u00e9vouement et leurs comp\u00e9tences sont les cl\u00e9s de notre succ\u00e8s. Gr\u00e2ce \u00e0 nos collaborations avec l\u2019Universit\u00e9 Antonine (UA) au Liban, la Facult\u00e9 d\u2019ing\u00e9nierie et de technologie (FET) et son centre de recherche TICKET Lab, nous favorisons un environnement qui stimule leur cr\u00e9ativit\u00e9 et soutient leur progression professionnelle. En b\u00e9n\u00e9ficiant d\u2019un flux continu de talents issus de l\u2019Universit\u00e9, y compris des experts et des \u00e9tudiants ambitieux, nous assurons une \u00e9quipe enthousiaste et dynamique qui fait \u00e9voluer notre innovation. \r\n        <\/div>\r\n    <\/div>\r\n<\/div>\r\n\r\n<style>\r\n    .whyUs-row-item {\r\n        color: white;\r\n        display: flex;\r\n        flex-direction: column; \r\n        cursor: pointer;\r\n        margin-bottom: 25px; \r\n    }\r\n    \r\n    .title-wrapper {\r\n        display: flex;\r\n        align-items: center;\r\n        justify-content: space-between;\r\n    }\r\n    \r\n    .whyUs-title {\r\n       \r\n        font-size: 20px;\r\n        font-weight: 600;\r\n    }\r\n    \r\n    .whyUs-arrow {\r\n        width: 15px;\r\n \r\n    }\r\n    \r\n     .whyUs-arrow :focus {\r\n       content :url(\"https:\/\/upscale-hub.com\/wp-content\/uploads\/2025\/04\/what-we-do-arrow-up.png\") !important;\r\n    }\r\n    \r\n    .whyUs-content {\r\n        margin-top: 10px;\r\n        display: none;\r\n        width: 80%;\r\n    }\r\n    \r\n    .whyUs-row-item.active .whyUs-content {\r\n        display: block;\r\n    }\r\n    \r\n    .whyUs-row-item.active .arrow {\r\n        transform: rotate(180deg);\r\n    }\r\n     \r\n<\/style>\r\n<script>\r\n    function toggleContent(element) {\r\n        const items = document.querySelectorAll('.whyUs-row-item');\r\n\r\n        items.forEach(item => {\r\n            if (item !== element && item.classList.contains('active')) {\r\n                item.classList.remove('active');\r\n                const arrow = item.querySelector('.whyUs-arrow');\r\n                if (arrow) {\r\n                    arrow.src = \"https:\/\/upscale-hub.com\/wp-content\/uploads\/2025\/04\/what-we-do-arrow-down.png\";\r\n                }\r\n            }\r\n        });\r\n\r\n        element.classList.toggle('active');\r\n\r\n        const arrow = element.querySelector('.whyUs-arrow');\r\n        if (arrow) {\r\n            arrow.src = element.classList.contains('active') \r\n                ? \"https:\/\/upscale-hub.com\/wp-content\/uploads\/2025\/04\/what-we-do-arrow-up.png\"\r\n                : \"https:\/\/upscale-hub.com\/wp-content\/uploads\/2025\/04\/what-we-do-arrow-down.png\";\r\n        }\r\n    }\r\n<\/script>\r\n\r\n\t\t\t\t<\/div>\n\t\t\t\t<\/div>\n\t\t\t\t<\/div>\n\t\t\t\t\t<\/div>\n\t\t\t\t<\/div>\n\t\t<div class=\"elementor-element elementor-element-b882f00 e-flex e-con-boxed e-con e-parent\" data-id=\"b882f00\" data-element_type=\"container\" data-e-type=\"container\">\n\t\t\t\t\t<div class=\"e-con-inner\">\n\t\t\t\t<div class=\"elementor-element elementor-element-0003596 elementor-widget elementor-widget-html\" data-id=\"0003596\" data-element_type=\"widget\" data-e-type=\"widget\" data-widget_type=\"html.default\">\n\t\t\t\t<div class=\"elementor-widget-container\">\n\t\t\t\t\t<div class=\"elementor-element elementor-element-e3e9a2e e-flex e-con-boxed e-con e-parent\" data-id=\"e3e9a2e\" data-element_type=\"container\" data-core-v316-plus=\"true\">\r\n\t\t\t\t\t<div class=\"e-con-inner\">\r\n\t\t\t\t<div class=\"elementor-element elementor-element-3e7d6b1 elementor-align-left elementor-widget elementor-widget-bdevs-services\" data-id=\"3e7d6b1\" data-element_type=\"widget\" data-widget_type=\"bdevs-services.default\">\r\n\t\t\t\t<div class=\"elementor-widget-container\">\r\n\t\t\t\t\t    \t        <div class=\"section-full p-t110 p-b80 sx-our-services-outer sx-bg-light\">\r\n\t\t\t\t\t    \t            \r\n            <div class=\"container\">\r\n            \t                <!-- TITLE START -->\r\n                <div class=\"section-head center\">\r\n                \t           \r\n                                                            <div class=\"sx-head-l-title\">\r\n                        <h2 class=\"sx-title\">Nos valeurs<\/h2>\r\n                    <\/div>\r\n                                    <\/div>                   \r\n                <!-- TITLE END --> \r\n            \t                    <div class=\"section-content\">\r\n                        \r\n                            <div class=\"row\">\r\n                            \t\t\t\t                     \r\n                                <!-- Block one -->\r\n                                <div class=\"col-lg-4 col-md-6\" >\r\n                                    <div class=\"sx-service-bx-1\">\r\n                                        <div class=\"sx-icon-box-wraper\">\r\n                                            <div class=\"sx-service-bx-icon\">\r\n                                                <img decoding=\"async\" style=\"width: 100px; height:100px;\" src=\"https:\/\/upscale-hub.com\/wp-content\/uploads\/2025\/04\/up-innovation.png\">\r\n                                            <\/div>\r\n                                            <div class=\"icon-content\">\r\n                                                <h4 class=\"sx-tilte\">Innovation<\/h4>\r\n                            \r\n                                            <\/div>\r\n                                        <\/div>\r\n                                    <\/div>                              \r\n                                <\/div>\r\n                                \t\t\t                     \r\n                                <!-- Block one -->\r\n                                <div class=\"col-lg-4 col-md-6\">\r\n                                    <div class=\"sx-service-bx-1\">\r\n                                        <div class=\"sx-icon-box-wraper\">\r\n                                            <div class=\"sx-service-bx-icon\">\r\n                                               <img decoding=\"async\" style=\"width: 100px; height:100px;\" src=\"https:\/\/upscale-hub.com\/wp-content\/uploads\/2025\/04\/up-growth.png\"><\/span>\r\n                                            <\/div>\r\n                                            <div class=\"icon-content\">\r\n                                                <h4 class=\"sx-tilte\">Croissance<\/h4>\r\n                                             \r\n                      \r\n                                            <\/div>\r\n                                        <\/div>\r\n                                    <\/div>                              \r\n                                <\/div>\r\n                                \t\t\t                     \r\n                                <!-- Block one -->\r\n                                <div class=\"col-lg-4 col-md-6\">\r\n                                    <div class=\"sx-service-bx-1\">\r\n                                        <div class=\"sx-icon-box-wraper\">\r\n                                            <div class=\"sx-service-bx-icon\">\r\n                                                <img decoding=\"async\" style=\"width: 100px; height:100px;\" src=\"https:\/\/upscale-hub.com\/wp-content\/uploads\/2025\/04\/up-creativity.png\"><\/span>\r\n                                            <\/div>\r\n                                            <div class=\"icon-content\">\r\n                                                <h4 class=\"sx-tilte\">Cr\u00e9ativit\u00e9<\/h4>\r\n                                             \r\n                  \r\n                                            <\/div>\r\n                                        <\/div>\r\n                                    <\/div>                              \r\n                                <\/div>\r\n                                \t\t\t                     \r\n                                <!-- Block one -->\r\n                                <div class=\"col-lg-4 col-md-6\">\r\n                                    <div class=\"sx-service-bx-1\">\r\n                                        <div class=\"sx-icon-box-wraper\">\r\n                                            <div class=\"sx-service-bx-icon\">\r\n                                                <img decoding=\"async\" style=\"width: 100px; height:100px;\" src=\"https:\/\/upscale-hub.com\/wp-content\/uploads\/2025\/04\/up-trust.png\"><\/span>\r\n                                            <\/div>\r\n                                            <div class=\"icon-content\">\r\n                                                <h4 class=\"sx-tilte\">Confiance<\/h4>\r\n                                             \r\n                   \r\n                                            <\/div>\r\n                                        <\/div>\r\n                                    <\/div>                              \r\n                                <\/div>\r\n                                \t\t\t                     \r\n                                <!-- Block one -->\r\n                                <div class=\"col-lg-4 col-md-6\">\r\n                                    <div class=\"sx-service-bx-1\">\r\n                                        <div class=\"sx-icon-box-wraper\">\r\n                                            <div class=\"sx-service-bx-icon\">\r\n                                                <img decoding=\"async\" style=\"width: 100px; height:100px;\" src=\"https:\/\/upscale-hub.com\/wp-content\/uploads\/2025\/04\/up-transparency.png\"><\/span>\r\n                                            <\/div>\r\n                                            <div class=\"icon-content\">\r\n                                                <h4 class=\"sx-tilte\">Transparence<\/h4>\r\n                   \r\n                \r\n                                            <\/div>\r\n                                        <\/div>\r\n                                    <\/div>                              \r\n                                <\/div>\r\n                                \t\t\t                     \r\n                                <!-- Block one -->\r\n                                <div class=\"col-lg-4 col-md-6\">\r\n                                    <div class=\"sx-service-bx-1\">\r\n                                        <div class=\"sx-icon-box-wraper\">\r\n                                            <div class=\"sx-service-bx-icon\">\r\n                                                <img decoding=\"async\" style=\"width: 100px; height:100px;\" src=\"https:\/\/upscale-hub.com\/wp-content\/uploads\/2025\/04\/up-efficiency.png\"><\/span>\r\n                                            <\/div>\r\n                                            <div class=\"icon-content\">\r\n                                                <h4 class=\"sx-tilte\">Efficacit\u00e9<\/h4>\r\n                                             \r\n                     \r\n                                            <\/div>\r\n                                        <\/div>\r\n                                    <\/div>                              \r\n                                <\/div>\r\n                                                            <\/div>\r\n                        \r\n                   <\/div>\r\n             <\/div>           \r\n        <\/div> \r\n\t\t\t\t\t<\/div>\r\n\t\t\t\t<\/div>\r\n\t\t\t\t\t<\/div>\r\n\t\t\t\t<\/div>\t\t\t\t<\/div>\n\t\t\t\t<\/div>\n\t\t\t\t\t<\/div>\n\t\t\t\t<\/div>\n\t\t\t\t<\/div>","protected":false},"excerpt":{"rendered":"<p>About Us Upscale Hub is a dynamic company committed to providing customized tech solutions tailored to the unique needs of our esteemed global clientele.Specializing in software and hardware solutions, our team comprises experts and talents dedicated to delivering high-quality solutions that scale and elevate the operations of our clients.Upscale Hub actively invests in research and [&hellip;]<\/p>\n","protected":false},"author":1,"featured_media":0,"parent":0,"menu_order":0,"comment_status":"closed","ping_status":"closed","template":"page-templates\/home-1.php","meta":{"footnotes":""},"class_list":["post-3013","page","type-page","status-publish","hentry"],"_links":{"self":[{"href":"https:\/\/upscale-hub.com\/fr\/wp-json\/wp\/v2\/pages\/3013","targetHints":{"allow":["GET"]}}],"collection":[{"href":"https:\/\/upscale-hub.com\/fr\/wp-json\/wp\/v2\/pages"}],"about":[{"href":"https:\/\/upscale-hub.com\/fr\/wp-json\/wp\/v2\/types\/page"}],"author":[{"embeddable":true,"href":"https:\/\/upscale-hub.com\/fr\/wp-json\/wp\/v2\/users\/1"}],"replies":[{"embeddable":true,"href":"https:\/\/upscale-hub.com\/fr\/wp-json\/wp\/v2\/comments?post=3013"}],"version-history":[{"count":225,"href":"https:\/\/upscale-hub.com\/fr\/wp-json\/wp\/v2\/pages\/3013\/revisions"}],"predecessor-version":[{"id":6098,"href":"https:\/\/upscale-hub.com\/fr\/wp-json\/wp\/v2\/pages\/3013\/revisions\/6098"}],"wp:attachment":[{"href":"https:\/\/upscale-hub.com\/fr\/wp-json\/wp\/v2\/media?parent=3013"}],"curies":[{"name":"wp","href":"https:\/\/api.w.org\/{rel}","templated":true}]}}