{"id":57,"date":"2023-02-03T03:54:31","date_gmt":"2023-02-03T03:54:31","guid":{"rendered":"https:\/\/shtheme.com\/demosd\/itodo\/?page_id=57"},"modified":"2025-04-24T11:12:00","modified_gmt":"2025-04-24T08:12:00","slug":"our-services","status":"publish","type":"page","link":"https:\/\/upscale-hub.com\/fr\/our-services\/","title":{"rendered":"Services"},"content":{"rendered":"<div data-elementor-type=\"wp-page\" data-elementor-id=\"57\" class=\"elementor elementor-57\">\n\t\t\t\t\t\t<section class=\"elementor-section elementor-top-section elementor-element elementor-element-5137efa elementor-section-full_width elementor-section-height-default elementor-section-height-default\" data-id=\"5137efa\" data-element_type=\"section\" data-e-type=\"section\">\n\t\t\t\t\t\t<div class=\"elementor-container elementor-column-gap-no\">\n\t\t\t\t\t<div class=\"elementor-column elementor-col-100 elementor-top-column elementor-element elementor-element-ee3b104\" data-id=\"ee3b104\" data-element_type=\"column\" data-e-type=\"column\">\n\t\t\t<div class=\"elementor-widget-wrap elementor-element-populated\">\n\t\t\t\t\t\t<div class=\"elementor-element elementor-element-cb62d2e services-banner-header elementor-align-left elementor-widget elementor-widget-bdevs-page-header\" data-id=\"cb62d2e\" data-element_type=\"widget\" data-e-type=\"widget\" data-widget_type=\"bdevs-page-header.default\">\n\t\t\t\t<div class=\"elementor-widget-container\">\n\t\t\t\t\t    <div class=\"full-landing-image sx-bnr-inr overlay-wraper  bg-top-center\"    style=\"background-image:url(https:\/\/upscale-hub.com\/wp-content\/uploads\/2025\/04\/banner-services-01-scaled.png);\">\r\n            <div class=\"overlay-main bg-white opacity-0\"><\/div>\r\n            <div class=\"container\">\r\n                <div class=\"sx-bnr-inr-entry\">\r\n                    <div class=\"banner-title-outer\">\r\n                                                <div class=\"banner-title-name\">\r\n                                                                                    <h2 class=\"sx-title\">Services<\/h2>\r\n                                                    <\/div>\r\n                                                <!-- BREADCRUMB ROW -->                            \r\n                        <div>\r\n                            <ul class=\"sx-breadcrumb breadcrumb-style-2\">\r\n                                                                <li><a href=\"https:\/\/upscale-hub.com\/fr\/\">Home<\/a><\/li>\r\n                                                                                            <\/ul>\r\n                        <\/div>\r\n                        <!-- BREADCRUMB ROW END -->  \r\n                    <\/div>                          \r\n                <\/div>\r\n            <\/div> \r\n                    <\/div>\r\n    \t\t\t\t<\/div>\n\t\t\t\t<\/div>\n\t\t\t\t\t<\/div>\n\t\t<\/div>\n\t\t\t\t\t<\/div>\n\t\t<\/section>\n\t\t<div class=\"elementor-element elementor-element-1f6624c8 e-flex e-con-boxed e-con e-parent\" data-id=\"1f6624c8\" data-element_type=\"container\" data-e-type=\"container\" data-settings=\"{&quot;background_background&quot;:&quot;classic&quot;}\">\n\t\t\t\t\t<div class=\"e-con-inner\">\n\t\t\t\t<div class=\"elementor-element elementor-element-4fe4ff95 our-services elementor-align-left elementor-widget elementor-widget-bdevs-work-services-2\" data-id=\"4fe4ff95\" data-element_type=\"widget\" data-e-type=\"widget\" data-widget_type=\"bdevs-work-services-2.default\">\n\t\t\t\t<div class=\"elementor-widget-container\">\n\t\t\t\t\t        <div  class=\"section-full p-t110 p-b80 sx-why-choose-outer sx-bg-light\" >\n            <div class=\"container\">\n            \t                <!-- TITLE START -->\n                <div class=\"section-head center\">\n                                                            <div class=\"sx-head-l-title\">\n                        <h2 class=\"sx-title\">Nos Services<\/h2>\n                    <\/div>\n                                    <\/div>                   \n                <!-- TITLE END --> \n            \t                <div class=\"section-content\">\n                    <div class=\"owl-carousel sx-why-choose-carousel m-b30\">\n                                                 \n                         \n                         \n                        <!--One block-->\n                        <div class=\"item\">\n                            <div class=\"sx-icon-bx-4\">\n                                <div class=\"sx-icon-box-wraper\">\n                                    <div class=\"sx-icon-bx-icon\">\n                                        <span class=\"sx-text-primary\"><i class=\"software-web-mobile\"><\/i><\/span>\n                                    <\/div>\n                                    <div class=\"icon-content\">\n                                        <a href=\"https:\/\/upscale-hub.com\/fr\/service\/development\/\"><h4 class=\"sx-tilte\">Software, Web and Mobile Development<\/h4><\/a>\n                                        <a href=\"https:\/\/upscale-hub.com\/fr\/service\/development\/\" class=\"sx-why-ch-category\"> <\/a>\n                                        <p>Nous d\u00e9veloppons des applications web et mobiles, adapt\u00e9es \u00e0 votre secteur d'activit\u00e9, align\u00e9es avec votre image de marque et vos objectifs commerciaux.<\/p>\n                                        <a class=\"sx-circle-btn\" href=\"https:\/\/upscale-hub.com\/fr\/service\/development\/\"><i class=\"fa fa-long-arrow-right\"><\/i><\/a>\n                                    <\/div>\n                                <\/div>\n                            <\/div>\n                        <\/div>\n                                                 \n                         \n                         \n                        <!--One block-->\n                        <div class=\"item\">\n                            <div class=\"sx-icon-bx-4\">\n                                <div class=\"sx-icon-box-wraper\">\n                                    <div class=\"sx-icon-bx-icon\">\n                                        <span class=\"sx-text-primary\"><i class=\"digital-twin\"><\/i><\/span>\n                                    <\/div>\n                                    <div class=\"icon-content\">\n                                        <a href=\"https:\/\/upscale-hub.com\/fr\/service\/digital-transformation\/\"><h4 class=\"sx-tilte\">Digital Transformation<\/h4><\/a>\n                                        <a href=\"https:\/\/upscale-hub.com\/fr\/service\/digital-transformation\/\" class=\"sx-why-ch-category\"> <\/a>\n                                        <p>Nous aidons les organisations \u00e0 moderniser leurs operations en rempla\u00e7ant les processus manuels, fragment\u00e9s et obsoletes par des syst\u00e8mes num\u00e9riques int\u00e9gr\u00e9s et des agents IA adapt\u00e9s \u00e0 leurs besoins.<\/p>\n                                        <a class=\"sx-circle-btn\" href=\"https:\/\/upscale-hub.com\/fr\/service\/digital-transformation\/\"><i class=\"fa fa-long-arrow-right\"><\/i><\/a>\n                                    <\/div>\n                                <\/div>\n                            <\/div>\n                        <\/div>\n                                                 \n                         \n                         \n                        <!--One block-->\n                        <div class=\"item\">\n                            <div class=\"sx-icon-bx-4\">\n                                <div class=\"sx-icon-box-wraper\">\n                                    <div class=\"sx-icon-bx-icon\">\n                                        <span class=\"sx-text-primary\"><i class=\"ai-icon\"><\/i><\/span>\n                                    <\/div>\n                                    <div class=\"icon-content\">\n                                        <a href=\"https:\/\/upscale-hub.com\/fr\/service\/artificial-intelligence\/\"><h4 class=\"sx-tilte\">Intelligence Artificielle<\/h4><\/a>\n                                        <a href=\"https:\/\/upscale-hub.com\/fr\/service\/artificial-intelligence\/\" class=\"sx-why-ch-category\"> <\/a>\n                                        <p>Nous r\u00e9volutionnons vos op\u00e9rations gr\u00e2ce \u00e0 nos solutions innovantes bas\u00e9es sur l'IA et nos impl\u00e9mentations d'apprentissage automatique.<\/p>\n                                        <a class=\"sx-circle-btn\" href=\"https:\/\/upscale-hub.com\/fr\/service\/artificial-intelligence\/\"><i class=\"fa fa-long-arrow-right\"><\/i><\/a>\n                                    <\/div>\n                                <\/div>\n                            <\/div>\n                        <\/div>\n                                                 \n                         \n                         \n                        <!--One block-->\n                        <div class=\"item\">\n                            <div class=\"sx-icon-bx-4\">\n                                <div class=\"sx-icon-box-wraper\">\n                                    <div class=\"sx-icon-bx-icon\">\n                                        <span class=\"sx-text-primary\"><i class=\"game-dev-icon\"><\/i><\/span>\n                                    <\/div>\n                                    <div class=\"icon-content\">\n                                        <a href=\"https:\/\/upscale-hub.com\/fr\/service\/game-development\/\"><h4 class=\"sx-tilte\">D\u00e9veloppement de Jeux<\/h4><\/a>\n                                        <a href=\"https:\/\/upscale-hub.com\/fr\/service\/game-development\/\" class=\"sx-why-ch-category\"> <\/a>\n                                        <p>Nous d\u00e9veloppons des Serious Games destin\u00e9s \u00e0 des applications industrielles et \u00e9ducatives afin de former les employ\u00e9s ou les \u00e9tudiants, de sensibiliser et d'enseigner de nouvelles comp\u00e9tences.<\/p>\n                                        <a class=\"sx-circle-btn\" href=\"https:\/\/upscale-hub.com\/fr\/service\/game-development\/\"><i class=\"fa fa-long-arrow-right\"><\/i><\/a>\n                                    <\/div>\n                                <\/div>\n                            <\/div>\n                        <\/div>\n                                                 \n                         \n                         \n                        <!--One block-->\n                        <div class=\"item\">\n                            <div class=\"sx-icon-bx-4\">\n                                <div class=\"sx-icon-box-wraper\">\n                                    <div class=\"sx-icon-bx-icon\">\n                                        <span class=\"sx-text-primary\"><i class=\"iot-icon\"><\/i><\/span>\n                                    <\/div>\n                                    <div class=\"icon-content\">\n                                        <a href=\"https:\/\/upscale-hub.com\/fr\/service\/internet-of-things\/\"><h4 class=\"sx-tilte\">Objets Conn\u00e9ct\u00e9s (IoT) et Robotique<\/h4><\/a>\n                                        <a href=\"https:\/\/upscale-hub.com\/fr\/service\/internet-of-things\/\" class=\"sx-why-ch-category\"> <\/a>\n                                        <p>Nous am\u00e9liorons votre activit\u00e9 gr\u00e2ce \u00e0 des solutions IoT et robotiques. Nous contr\u00f4lons les appareils \u00e0 distance et g\u00e9rons les donn\u00e9es \u00e0 l'aide de capteurs et de robots mobiles.<\/p>\n                                        <a class=\"sx-circle-btn\" href=\"https:\/\/upscale-hub.com\/fr\/service\/internet-of-things\/\"><i class=\"fa fa-long-arrow-right\"><\/i><\/a>\n                                    <\/div>\n                                <\/div>\n                            <\/div>\n                        <\/div>\n                                            <\/div>\n                <\/div>\n             <\/div>\n           \n        <\/div> \n  \n\t\t\t\t\t<\/div>\n\t\t\t\t<\/div>\n\t\t\t\t\t<\/div>\n\t\t\t\t<\/div>\n\t\t\t\t<\/div>","protected":false},"excerpt":{"rendered":"<p>Services Home Our Services D\u00e9veloppement Web Votre site Web refl\u00e8te votre image de marque.\u00a0\u00a0Nous cr\u00e9ons des sites Web ergonomiques, adapt\u00e9s \u00e0 votre activit\u00e9 et compatibles avec votre image de marque et vos objectifs commerciaux.\u00a0 Le&#8230; UX\/UI Nos services de conception UX\/UI se focalisent sur l\u2019am\u00e9lioration de votre image de marque, de votre engagement, de votre [&hellip;]<\/p>\n","protected":false},"author":1,"featured_media":0,"parent":0,"menu_order":0,"comment_status":"closed","ping_status":"closed","template":"page-templates\/home-1.php","meta":{"footnotes":""},"class_list":["post-57","page","type-page","status-publish","hentry"],"_links":{"self":[{"href":"https:\/\/upscale-hub.com\/fr\/wp-json\/wp\/v2\/pages\/57","targetHints":{"allow":["GET"]}}],"collection":[{"href":"https:\/\/upscale-hub.com\/fr\/wp-json\/wp\/v2\/pages"}],"about":[{"href":"https:\/\/upscale-hub.com\/fr\/wp-json\/wp\/v2\/types\/page"}],"author":[{"embeddable":true,"href":"https:\/\/upscale-hub.com\/fr\/wp-json\/wp\/v2\/users\/1"}],"replies":[{"embeddable":true,"href":"https:\/\/upscale-hub.com\/fr\/wp-json\/wp\/v2\/comments?post=57"}],"version-history":[{"count":21,"href":"https:\/\/upscale-hub.com\/fr\/wp-json\/wp\/v2\/pages\/57\/revisions"}],"predecessor-version":[{"id":5792,"href":"https:\/\/upscale-hub.com\/fr\/wp-json\/wp\/v2\/pages\/57\/revisions\/5792"}],"wp:attachment":[{"href":"https:\/\/upscale-hub.com\/fr\/wp-json\/wp\/v2\/media?parent=57"}],"curies":[{"name":"wp","href":"https:\/\/api.w.org\/{rel}","templated":true}]}}